{"id":423,"date":"2019-04-19T07:12:24","date_gmt":"2019-04-19T07:12:24","guid":{"rendered":"http:\/\/demo.sparklewpthemes.com\/constructionlight\/?page_id=423"},"modified":"2024-01-22T10:11:39","modified_gmt":"2024-01-22T09:11:39","slug":"we-build-your-need","status":"publish","type":"page","link":"https:\/\/lycee-jeanmace.com\/index.php\/we-build-your-need\/","title":{"rendered":"Un programme enrichi"},"content":{"rendered":"\n<p>Ecoute, r\u00e9activit\u00e9, attention aux \u00e9l\u00e8ves aussi fermet\u00e9, exemplarit\u00e9 et adaptabilit\u00e9 sont les atouts principaux de notre lyc\u00e9e.<\/p>\n\n\n\n<p><\/p>\n","protected":false},"excerpt":{"rendered":"<p>Ecoute, r\u00e9activit\u00e9, attention aux \u00e9l\u00e8ves aussi fermet\u00e9, exemplarit\u00e9 et adaptabilit\u00e9 sont les atouts principaux de notre lyc\u00e9e.<\/p>\n","protected":false},"author":1,"featured_media":428,"parent":0,"menu_order":0,"comment_status":"closed","ping_status":"closed","template":"","meta":{"_regular_price":[],"currency_symbol":[],"footnotes":""},"class_list":["post-423","page","type-page","status-publish","has-post-thumbnail","hentry"],"post_slider_layout_featured_media_urls":{"thumbnail":["https:\/\/lycee-jeanmace.com\/wp-content\/uploads\/2019\/04\/construction-site-2858310_1280-150x150.jpg",150,150,true],"post_slider_layout_landscape_large":["https:\/\/lycee-jeanmace.com\/wp-content\/uploads\/2019\/04\/construction-site-2858310_1280-1200x800.jpg",1200,800,true],"post_slider_layout_portrait_large":["https:\/\/lycee-jeanmace.com\/wp-content\/uploads\/2019\/04\/construction-site-2858310_1280-1200x853.jpg",1200,853,true],"post_slider_layout_square_large":["https:\/\/lycee-jeanmace.com\/wp-content\/uploads\/2019\/04\/construction-site-2858310_1280-1200x853.jpg",1200,853,true],"post_slider_layout_landscape":["https:\/\/lycee-jeanmace.com\/wp-content\/uploads\/2019\/04\/construction-site-2858310_1280-600x400.jpg",600,400,true],"post_slider_layout_portrait":["https:\/\/lycee-jeanmace.com\/wp-content\/uploads\/2019\/04\/construction-site-2858310_1280-600x853.jpg",600,853,true],"post_slider_layout_square":["https:\/\/lycee-jeanmace.com\/wp-content\/uploads\/2019\/04\/construction-site-2858310_1280-600x600.jpg",600,600,true],"full":["https:\/\/lycee-jeanmace.com\/wp-content\/uploads\/2019\/04\/construction-site-2858310_1280.jpg",1280,853,false]},"_links":{"self":[{"href":"https:\/\/lycee-jeanmace.com\/index.php\/wp-json\/wp\/v2\/pages\/423","targetHints":{"allow":["GET"]}}],"collection":[{"href":"https:\/\/lycee-jeanmace.com\/index.php\/wp-json\/wp\/v2\/pages"}],"about":[{"href":"https:\/\/lycee-jeanmace.com\/index.php\/wp-json\/wp\/v2\/types\/page"}],"author":[{"embeddable":true,"href":"https:\/\/lycee-jeanmace.com\/index.php\/wp-json\/wp\/v2\/users\/1"}],"replies":[{"embeddable":true,"href":"https:\/\/lycee-jeanmace.com\/index.php\/wp-json\/wp\/v2\/comments?post=423"}],"version-history":[{"count":1,"href":"https:\/\/lycee-jeanmace.com\/index.php\/wp-json\/wp\/v2\/pages\/423\/revisions"}],"predecessor-version":[{"id":1527,"href":"https:\/\/lycee-jeanmace.com\/index.php\/wp-json\/wp\/v2\/pages\/423\/revisions\/1527"}],"wp:featuredmedia":[{"embeddable":true,"href":"https:\/\/lycee-jeanmace.com\/index.php\/wp-json\/wp\/v2\/media\/428"}],"wp:attachment":[{"href":"https:\/\/lycee-jeanmace.com\/index.php\/wp-json\/wp\/v2\/media?parent=423"}],"curies":[{"name":"wp","href":"https:\/\/api.w.org\/{rel}","templated":true}]}}