{"id":412,"date":"2019-04-19T06:56:49","date_gmt":"2019-04-19T06:56:49","guid":{"rendered":"http:\/\/demo.sparklewpthemes.com\/constructionlight\/?page_id=412"},"modified":"2024-01-22T10:27:36","modified_gmt":"2024-01-22T09:27:36","slug":"house-construction","status":"publish","type":"page","link":"https:\/\/lycee-jeanmace.com\/index.php\/house-construction\/","title":{"rendered":"Clubs"},"content":{"rendered":"\n<p>Entre th\u00e9\u00e2tre, robotique, sports et musique, votre enfant trouvera s\u00fbrement son inspiration<\/p>\n\n\n\n<p><\/p>\n","protected":false},"excerpt":{"rendered":"<p>Entre th\u00e9\u00e2tre, robotique, sports et musique, votre enfant trouvera s\u00fbrement son inspiration<\/p>\n","protected":false},"author":1,"featured_media":574,"parent":0,"menu_order":0,"comment_status":"closed","ping_status":"closed","template":"","meta":{"_regular_price":[],"currency_symbol":[],"footnotes":""},"class_list":["post-412","page","type-page","status-publish","has-post-thumbnail","hentry"],"post_slider_layout_featured_media_urls":{"thumbnail":["https:\/\/lycee-jeanmace.com\/wp-content\/uploads\/2019\/04\/building-city-wall-stone-broken-dust-709580-pxhere.com_-150x150.jpg",150,150,true],"post_slider_layout_landscape_large":["https:\/\/lycee-jeanmace.com\/wp-content\/uploads\/2019\/04\/building-city-wall-stone-broken-dust-709580-pxhere.com_-1200x800.jpg",1200,800,true],"post_slider_layout_portrait_large":["https:\/\/lycee-jeanmace.com\/wp-content\/uploads\/2019\/04\/building-city-wall-stone-broken-dust-709580-pxhere.com_-1200x853.jpg",1200,853,true],"post_slider_layout_square_large":["https:\/\/lycee-jeanmace.com\/wp-content\/uploads\/2019\/04\/building-city-wall-stone-broken-dust-709580-pxhere.com_-1200x853.jpg",1200,853,true],"post_slider_layout_landscape":["https:\/\/lycee-jeanmace.com\/wp-content\/uploads\/2019\/04\/building-city-wall-stone-broken-dust-709580-pxhere.com_-600x400.jpg",600,400,true],"post_slider_layout_portrait":["https:\/\/lycee-jeanmace.com\/wp-content\/uploads\/2019\/04\/building-city-wall-stone-broken-dust-709580-pxhere.com_-600x853.jpg",600,853,true],"post_slider_layout_square":["https:\/\/lycee-jeanmace.com\/wp-content\/uploads\/2019\/04\/building-city-wall-stone-broken-dust-709580-pxhere.com_-600x600.jpg",600,600,true],"full":["https:\/\/lycee-jeanmace.com\/wp-content\/uploads\/2019\/04\/building-city-wall-stone-broken-dust-709580-pxhere.com_.jpg",1280,853,false]},"_links":{"self":[{"href":"https:\/\/lycee-jeanmace.com\/index.php\/wp-json\/wp\/v2\/pages\/412","targetHints":{"allow":["GET"]}}],"collection":[{"href":"https:\/\/lycee-jeanmace.com\/index.php\/wp-json\/wp\/v2\/pages"}],"about":[{"href":"https:\/\/lycee-jeanmace.com\/index.php\/wp-json\/wp\/v2\/types\/page"}],"author":[{"embeddable":true,"href":"https:\/\/lycee-jeanmace.com\/index.php\/wp-json\/wp\/v2\/users\/1"}],"replies":[{"embeddable":true,"href":"https:\/\/lycee-jeanmace.com\/index.php\/wp-json\/wp\/v2\/comments?post=412"}],"version-history":[{"count":1,"href":"https:\/\/lycee-jeanmace.com\/index.php\/wp-json\/wp\/v2\/pages\/412\/revisions"}],"predecessor-version":[{"id":1536,"href":"https:\/\/lycee-jeanmace.com\/index.php\/wp-json\/wp\/v2\/pages\/412\/revisions\/1536"}],"wp:featuredmedia":[{"embeddable":true,"href":"https:\/\/lycee-jeanmace.com\/index.php\/wp-json\/wp\/v2\/media\/574"}],"wp:attachment":[{"href":"https:\/\/lycee-jeanmace.com\/index.php\/wp-json\/wp\/v2\/media?parent=412"}],"curies":[{"name":"wp","href":"https:\/\/api.w.org\/{rel}","templated":true}]}}