{"id":126,"date":"2018-02-27T07:51:08","date_gmt":"2018-02-27T07:51:08","guid":{"rendered":"http:\/\/offshorethemes.com\/demo\/sparkconstruction\/?page_id=126"},"modified":"2024-01-22T10:25:12","modified_gmt":"2024-01-22T09:25:12","slug":"electrical-wiring","status":"publish","type":"page","link":"https:\/\/lycee-jeanmace.com\/index.php\/electrical-wiring\/","title":{"rendered":"Cantine"},"content":{"rendered":"\n<p>Un menu vari\u00e9 et sain, s\u00e9lectionn\u00e9 chaque semaine par notre chef, avec attention et soin<\/p>\n\n\n\n<p><\/p>\n","protected":false},"excerpt":{"rendered":"<p>Un menu vari\u00e9 et sain, s\u00e9lectionn\u00e9 chaque semaine par notre chef, avec attention et soin<\/p>\n","protected":false},"author":1,"featured_media":573,"parent":0,"menu_order":0,"comment_status":"closed","ping_status":"closed","template":"","meta":{"_regular_price":[],"currency_symbol":[],"footnotes":""},"class_list":["post-126","page","type-page","status-publish","has-post-thumbnail","hentry"],"post_slider_layout_featured_media_urls":{"thumbnail":["https:\/\/lycee-jeanmace.com\/wp-content\/uploads\/2019\/04\/computer-technology-repair-electronics-it-service-817575-pxhere.com_-150x150.jpg",150,150,true],"post_slider_layout_landscape_large":["https:\/\/lycee-jeanmace.com\/wp-content\/uploads\/2019\/04\/computer-technology-repair-electronics-it-service-817575-pxhere.com_-1200x800.jpg",1200,800,true],"post_slider_layout_portrait_large":["https:\/\/lycee-jeanmace.com\/wp-content\/uploads\/2019\/04\/computer-technology-repair-electronics-it-service-817575-pxhere.com_.jpg",1200,900,false],"post_slider_layout_square_large":["https:\/\/lycee-jeanmace.com\/wp-content\/uploads\/2019\/04\/computer-technology-repair-electronics-it-service-817575-pxhere.com_.jpg",1200,900,false],"post_slider_layout_landscape":["https:\/\/lycee-jeanmace.com\/wp-content\/uploads\/2019\/04\/computer-technology-repair-electronics-it-service-817575-pxhere.com_-600x400.jpg",600,400,true],"post_slider_layout_portrait":["https:\/\/lycee-jeanmace.com\/wp-content\/uploads\/2019\/04\/computer-technology-repair-electronics-it-service-817575-pxhere.com_-600x900.jpg",600,900,true],"post_slider_layout_square":["https:\/\/lycee-jeanmace.com\/wp-content\/uploads\/2019\/04\/computer-technology-repair-electronics-it-service-817575-pxhere.com_-600x600.jpg",600,600,true],"full":["https:\/\/lycee-jeanmace.com\/wp-content\/uploads\/2019\/04\/computer-technology-repair-electronics-it-service-817575-pxhere.com_.jpg",1200,900,false]},"_links":{"self":[{"href":"https:\/\/lycee-jeanmace.com\/index.php\/wp-json\/wp\/v2\/pages\/126","targetHints":{"allow":["GET"]}}],"collection":[{"href":"https:\/\/lycee-jeanmace.com\/index.php\/wp-json\/wp\/v2\/pages"}],"about":[{"href":"https:\/\/lycee-jeanmace.com\/index.php\/wp-json\/wp\/v2\/types\/page"}],"author":[{"embeddable":true,"href":"https:\/\/lycee-jeanmace.com\/index.php\/wp-json\/wp\/v2\/users\/1"}],"replies":[{"embeddable":true,"href":"https:\/\/lycee-jeanmace.com\/index.php\/wp-json\/wp\/v2\/comments?post=126"}],"version-history":[{"count":1,"href":"https:\/\/lycee-jeanmace.com\/index.php\/wp-json\/wp\/v2\/pages\/126\/revisions"}],"predecessor-version":[{"id":1535,"href":"https:\/\/lycee-jeanmace.com\/index.php\/wp-json\/wp\/v2\/pages\/126\/revisions\/1535"}],"wp:featuredmedia":[{"embeddable":true,"href":"https:\/\/lycee-jeanmace.com\/index.php\/wp-json\/wp\/v2\/media\/573"}],"wp:attachment":[{"href":"https:\/\/lycee-jeanmace.com\/index.php\/wp-json\/wp\/v2\/media?parent=126"}],"curies":[{"name":"wp","href":"https:\/\/api.w.org\/{rel}","templated":true}]}}